{"id":898,"date":"2023-03-28T00:01:55","date_gmt":"2023-03-28T00:01:55","guid":{"rendered":"https:\/\/tienda.globalvirtualnetworking.com\/?post_type=product&#038;p=898"},"modified":"2023-05-09T23:14:01","modified_gmt":"2023-05-09T23:14:01","slug":"stand-platino-2","status":"publish","type":"product","link":"https:\/\/tienda.globalvirtualnetworking.com\/index.php\/producto\/stand-platino-2\/","title":{"rendered":"Stand Platino 2"},"content":{"rendered":"<ul>\n<li>Stand personalizado (con los colores e im\u00e1genes de la empresa\/instituci\u00f3n)<\/li>\n<li>Oferta educativa\/productos\/Servicios (folletero)<\/li>\n<li>Material promocional (Fotos)<\/li>\n<li>Becas\/promociones\/descuentos (espacio en el entorno)<\/li>\n<li>2 Webinar\/workshop (50 minutos cada 1)<\/li>\n<li>15 horarios de asesor\u00eda (Cada asesor\u00eda es de 15 minutos)<\/li>\n<li>Demo class\/workshop (50 minutos)<\/li>\n<li>Visita guiada virtual\u00a0 (50 minutos)<\/li>\n<li>Video promocional (15\u00b4s)<\/li>\n<li>Base de datos (de interesados en stand y actividades)<\/li>\n<li>Imagen de personal de atenci\u00f3n (una imagen sesi\u00f3n que aparecer\u00e1 en su stand para recibir a sus clientes)<\/li>\n<li>Ubicaci\u00f3n (Con google maps)<div style=\"width: 1102px;\" class=\"wp-video\"><!--[if lt IE 9]><script>document.createElement('video');<\/script><![endif]-->\n<video class=\"wp-video-shortcode\" id=\"video-898-1\" width=\"1102\" height=\"600\" preload=\"metadata\" controls=\"controls\"><source type=\"video\/mp4\" src=\"https:\/\/tienda.globalvirtualnetworking.com\/wp-content\/uploads\/2023\/05\/stand-3.mp4?_=1\" \/><a href=\"https:\/\/tienda.globalvirtualnetworking.com\/wp-content\/uploads\/2023\/05\/stand-3.mp4\">https:\/\/tienda.globalvirtualnetworking.com\/wp-content\/uploads\/2023\/05\/stand-3.mp4<\/a><\/video><\/div><\/li>\n<\/ul>\n","protected":false},"excerpt":{"rendered":"<p>Stand personalizado (con los colores e im\u00e1genes de la empresa\/instituci\u00f3n) Oferta educativa\/productos\/Servicios (folletero) Material promocional (Fotos) Becas\/promociones\/descuentos (espacio en el entorno) 2 Webinar\/workshop (50 minutos cada 1) 15 horarios de asesor\u00eda (Cada asesor\u00eda es de 15 minutos) Demo class\/workshop (50 minutos) Visita guiada virtual\u00a0 (50 minutos) Video promocional (15\u00b4s) Base de datos (de interesados en &hellip;<\/p>\n<p class=\"read-more\"> <a class=\"\" href=\"https:\/\/tienda.globalvirtualnetworking.com\/index.php\/producto\/stand-platino-2\/\"> <span class=\"screen-reader-text\">Stand Platino 2<\/span> Leer m\u00e1s &raquo;<\/a><\/p>\n","protected":false},"featured_media":386,"comment_status":"open","ping_status":"closed","template":"","meta":{"_eb_attr":"","site-sidebar-layout":"default","site-content-layout":"default","ast-global-header-display":"","ast-main-header-display":"","ast-hfb-above-header-display":"","ast-hfb-below-header-display":"","ast-hfb-mobile-header-display":"","site-post-title":"","ast-breadcrumbs-content":"","ast-featured-img":"","footer-sml-layout":"","theme-transparent-header-meta":"default","adv-header-id-meta":"","stick-header-meta":"","header-above-stick-meta":"","header-main-stick-meta":"","header-below-stick-meta":""},"product_cat":[27],"product_tag":[],"_links":{"self":[{"href":"https:\/\/tienda.globalvirtualnetworking.com\/index.php\/wp-json\/wp\/v2\/product\/898"}],"collection":[{"href":"https:\/\/tienda.globalvirtualnetworking.com\/index.php\/wp-json\/wp\/v2\/product"}],"about":[{"href":"https:\/\/tienda.globalvirtualnetworking.com\/index.php\/wp-json\/wp\/v2\/types\/product"}],"replies":[{"embeddable":true,"href":"https:\/\/tienda.globalvirtualnetworking.com\/index.php\/wp-json\/wp\/v2\/comments?post=898"}],"wp:featuredmedia":[{"embeddable":true,"href":"https:\/\/tienda.globalvirtualnetworking.com\/index.php\/wp-json\/wp\/v2\/media\/386"}],"wp:attachment":[{"href":"https:\/\/tienda.globalvirtualnetworking.com\/index.php\/wp-json\/wp\/v2\/media?parent=898"}],"wp:term":[{"taxonomy":"product_cat","embeddable":true,"href":"https:\/\/tienda.globalvirtualnetworking.com\/index.php\/wp-json\/wp\/v2\/product_cat?post=898"},{"taxonomy":"product_tag","embeddable":true,"href":"https:\/\/tienda.globalvirtualnetworking.com\/index.php\/wp-json\/wp\/v2\/product_tag?post=898"}],"curies":[{"name":"wp","href":"https:\/\/api.w.org\/{rel}","templated":true}]}}