{"id":875,"date":"2023-03-27T23:35:47","date_gmt":"2023-03-27T23:35:47","guid":{"rendered":"https:\/\/tienda.globalvirtualnetworking.com\/?post_type=product&#038;p=875"},"modified":"2023-05-09T23:12:58","modified_gmt":"2023-05-09T23:12:58","slug":"oro-2","status":"publish","type":"product","link":"https:\/\/tienda.globalvirtualnetworking.com\/index.php\/producto\/oro-2\/","title":{"rendered":"Stand Oro 2"},"content":{"rendered":"<ul>\n<li>Oferta educativa\/productos\/Servicios (folletero)<\/li>\n<li>Material promocional (fotos)<\/li>\n<li>Becas\/promociones\/descuentos (espacio en el entorno)<\/li>\n<li>Webinar (50 minutos)<\/li>\n<li>5 sesiones de asesor\u00eda (Cada asesor\u00eda es de 15 minutos)<\/li>\n<li>Base de datos ( interesados en stand y actividades)<\/li>\n<li>Ubicaci\u00f3n (Con google maps)<div style=\"width: 1102px;\" class=\"wp-video\"><!--[if lt IE 9]><script>document.createElement('video');<\/script><![endif]-->\n<video class=\"wp-video-shortcode\" id=\"video-875-1\" width=\"1102\" height=\"600\" preload=\"metadata\" controls=\"controls\"><source type=\"video\/mp4\" src=\"https:\/\/tienda.globalvirtualnetworking.com\/wp-content\/uploads\/2023\/05\/stand-3.mp4?_=1\" \/><a href=\"https:\/\/tienda.globalvirtualnetworking.com\/wp-content\/uploads\/2023\/05\/stand-3.mp4\">https:\/\/tienda.globalvirtualnetworking.com\/wp-content\/uploads\/2023\/05\/stand-3.mp4<\/a><\/video><\/div><\/li>\n<\/ul>\n","protected":false},"excerpt":{"rendered":"<p>Oferta educativa\/productos\/Servicios (folletero) Material promocional (fotos) Becas\/promociones\/descuentos (espacio en el entorno) Webinar (50 minutos) 5 sesiones de asesor\u00eda (Cada asesor\u00eda es de 15 minutos) Base de datos ( interesados en stand y actividades) Ubicaci\u00f3n (Con google maps)<\/p>\n","protected":false},"featured_media":379,"comment_status":"open","ping_status":"closed","template":"","meta":{"_eb_attr":"","site-sidebar-layout":"default","site-content-layout":"default","ast-global-header-display":"","ast-main-header-display":"","ast-hfb-above-header-display":"","ast-hfb-below-header-display":"","ast-hfb-mobile-header-display":"","site-post-title":"","ast-breadcrumbs-content":"","ast-featured-img":"","footer-sml-layout":"","theme-transparent-header-meta":"default","adv-header-id-meta":"","stick-header-meta":"","header-above-stick-meta":"","header-main-stick-meta":"","header-below-stick-meta":""},"product_cat":[27],"product_tag":[],"_links":{"self":[{"href":"https:\/\/tienda.globalvirtualnetworking.com\/index.php\/wp-json\/wp\/v2\/product\/875"}],"collection":[{"href":"https:\/\/tienda.globalvirtualnetworking.com\/index.php\/wp-json\/wp\/v2\/product"}],"about":[{"href":"https:\/\/tienda.globalvirtualnetworking.com\/index.php\/wp-json\/wp\/v2\/types\/product"}],"replies":[{"embeddable":true,"href":"https:\/\/tienda.globalvirtualnetworking.com\/index.php\/wp-json\/wp\/v2\/comments?post=875"}],"wp:featuredmedia":[{"embeddable":true,"href":"https:\/\/tienda.globalvirtualnetworking.com\/index.php\/wp-json\/wp\/v2\/media\/379"}],"wp:attachment":[{"href":"https:\/\/tienda.globalvirtualnetworking.com\/index.php\/wp-json\/wp\/v2\/media?parent=875"}],"wp:term":[{"taxonomy":"product_cat","embeddable":true,"href":"https:\/\/tienda.globalvirtualnetworking.com\/index.php\/wp-json\/wp\/v2\/product_cat?post=875"},{"taxonomy":"product_tag","embeddable":true,"href":"https:\/\/tienda.globalvirtualnetworking.com\/index.php\/wp-json\/wp\/v2\/product_tag?post=875"}],"curies":[{"name":"wp","href":"https:\/\/api.w.org\/{rel}","templated":true}]}}